{"id":22,"date":"2012-10-09T19:17:47","date_gmt":"2012-10-09T17:17:47","guid":{"rendered":"http:\/\/diepullies.de\/wordpress\/?page_id=22"},"modified":"2021-04-11T16:09:27","modified_gmt":"2021-04-11T14:09:27","slug":"video","status":"publish","type":"page","link":"http:\/\/diepullies.de\/wordpress\/video\/","title":{"rendered":"Video"},"content":{"rendered":"<p><iframe loading=\"lazy\" src=\"https:\/\/player.vimeo.com\/video\/424309221?color=c9ff23&amp;byline=0&amp;portrait=0\" allowfullscreen=\"allowfullscreen\" width=\"640\" height=\"360\" frameborder=\"0\"><\/iframe><\/p>\n<p><a href=\"https:\/\/vimeo.com\/424309221\">PULLIES &#8211; Thats Why I Love You<\/a> on <a href=\"httpsd:\/\/vimeo.com\">Vimeo<\/a>.<\/p>\n<hr size=\"1\" noshade=\"noshade\"\/>\n<p><a href=\"https:\/\/vimeo.com\/349893178\">DIE PULLIES Lindenfest Geisenheim 2019<\/a><\/p>\n<div style=\"padding: 75% 0 0 0; position: relative;\"><iframe style=\"position: absolute; top: 0; left: 0; width: 100%; height: 100%;\" src=\"https:\/\/player.vimeo.com\/video\/349893178?title=0&amp;byline=0&amp;portrait=0\" allowfullscreen=\"allowfullscreen\" frameborder=\"0\"><\/iframe><\/div>\n<p><script src=\"https:\/\/player.vimeo.com\/api\/player.js\"><\/script><\/p>\n<p><iframe loading=\"lazy\" src=\"https:\/\/player.vimeo.com\/video\/177553125?byline=0&amp;portrait=0\" allowfullscreen=\"allowfullscreen\" width=\"640\" height=\"360\" frameborder=\"0\"><\/iframe><\/p>\n<p><a href=\"https:\/\/vimeo.com\/177553125\">DIE PULLIES in Biebrich 2014<\/a> from <a href=\"https:\/\/vimeo.com\/user41195683\">J\u00f6rg M\u00fcller<\/a> on <a href=\"https:\/\/vimeo.com\">Vimeo<\/a>.<\/p>\n<p><iframe loading=\"lazy\" src=\"https:\/\/player.vimeo.com\/video\/172959806?byline=0&amp;portrait=0\" allowfullscreen=\"allowfullscreen\" width=\"640\" height=\"360\" frameborder=\"0\"><\/iframe><\/p>\n<p><a href=\"https:\/\/vimeo.com\/172959806\">DIE PULLIES &#8211; All Or Nothing<\/a> from <a href=\"https:\/\/vimeo.com\/user41195683\">J\u00f6rg M\u00fcller<\/a> on <a href=\"https:\/\/vimeo.com\">Vimeo<\/a>.<\/p>\n<p><iframe loading=\"lazy\" src=\"https:\/\/player.vimeo.com\/video\/173753816?byline=0&amp;portrait=0\" allowfullscreen=\"allowfullscreen\" width=\"640\" height=\"360\" frameborder=\"0\"><\/iframe><\/p>\n<p><a href=\"https:\/\/vimeo.com\/173753816\">DIE PULLIES &#8211; Moving<\/a> from <a href=\"https:\/\/vimeo.com\/user41195683\">J\u00f6rg M\u00fcller<\/a> on <a href=\"https:\/\/vimeo.com\">Vimeo<\/a>.<\/p>\n<p><iframe loading=\"lazy\" src=\"https:\/\/player.vimeo.com\/video\/172909129?byline=0\" allowfullscreen=\"allowfullscreen\" width=\"640\" height=\"360\" frameborder=\"0\"><\/iframe><\/p>\n<p><a href=\"https:\/\/vimeo.com\/172909129\">Die Pullies &#8211; Russians<\/a> from <a href=\"https:\/\/vimeo.com\/user41195683\">J\u00f6rg M\u00fcller<\/a> on <a href=\"https:\/\/vimeo.com\">Vimeo<\/a>.<\/p>\n<p><iframe loading=\"lazy\" width=\"640\" height=\"360\" src=\"https:\/\/www.youtube.com\/embed\/k_WCzHTKiT0?feature=oembed\" frameborder=\"0\" allow=\"accelerometer; autoplay; clipboard-write; encrypted-media; gyroscope; picture-in-picture\" allowfullscreen><\/iframe><\/p>\n<p>Vielen Dank an John Gardner-Brown f\u00fcr diese Aufnahme.<br \/>\n<a id=\"1361011152\" href=\"http:\/\/www.personal-wissen.net\/wissen\/burnout-praevention-bei-fuehrungskraeften-26\/\">Blocktraining<\/a><script type=\"text\/javascript\" language=\"JavaScript\" src=\"https:\/\/www.counter-go.de\/counter_js.php?account=1361011152\"><\/script><noscript><a href=\"https:\/\/www.counter-go.de\/\" target=\"_blank\"><img decoding=\"async\" border=0 src=\"https:\/\/www.counter-go.de\/counter.php?account=1361011152\"\/><\/a><\/noscript><\/p>\n","protected":false},"excerpt":{"rendered":"<p>PULLIES &#8211; Thats Why I Love You on Vimeo. DIE PULLIES Lindenfest Geisenheim 2019 DIE PULLIES in Biebrich 2014 from J\u00f6rg M\u00fcller on Vimeo. DIE PULLIES &#8211; All Or Nothing from J\u00f6rg M\u00fcller on Vimeo. DIE PULLIES &#8211; Moving from &hellip; <a class=\"more-link\" href=\"http:\/\/diepullies.de\/wordpress\/video\/\">Weiterlesen <span class=\"meta-nav\">&rarr;<\/span><\/a><\/p>\n","protected":false},"author":1,"featured_media":0,"parent":0,"menu_order":0,"comment_status":"closed","ping_status":"closed","template":"","meta":{"ngg_post_thumbnail":0},"post_mailing_queue_ids":[],"_links":{"self":[{"href":"http:\/\/diepullies.de\/wordpress\/wp-json\/wp\/v2\/pages\/22"}],"collection":[{"href":"http:\/\/diepullies.de\/wordpress\/wp-json\/wp\/v2\/pages"}],"about":[{"href":"http:\/\/diepullies.de\/wordpress\/wp-json\/wp\/v2\/types\/page"}],"author":[{"embeddable":true,"href":"http:\/\/diepullies.de\/wordpress\/wp-json\/wp\/v2\/users\/1"}],"replies":[{"embeddable":true,"href":"http:\/\/diepullies.de\/wordpress\/wp-json\/wp\/v2\/comments?post=22"}],"version-history":[{"count":49,"href":"http:\/\/diepullies.de\/wordpress\/wp-json\/wp\/v2\/pages\/22\/revisions"}],"predecessor-version":[{"id":1612,"href":"http:\/\/diepullies.de\/wordpress\/wp-json\/wp\/v2\/pages\/22\/revisions\/1612"}],"wp:attachment":[{"href":"http:\/\/diepullies.de\/wordpress\/wp-json\/wp\/v2\/media?parent=22"}],"curies":[{"name":"wp","href":"https:\/\/api.w.org\/{rel}","templated":true}]}}