{"id":1344,"date":"2018-05-24T11:51:56","date_gmt":"2018-05-24T09:51:56","guid":{"rendered":"http:\/\/diepullies.de\/wordpress\/?page_id=1344"},"modified":"2020-09-20T13:15:53","modified_gmt":"2020-09-20T11:15:53","slug":"datenschutz","status":"publish","type":"page","link":"http:\/\/diepullies.de\/wordpress\/datenschutz\/","title":{"rendered":"Datenschutz"},"content":{"rendered":"<p><span style=\"color: #ffffff;\"><b>Datenschutzerkl\u00e4rung nach EU DSGVO<\/b><\/span><\/p>\n<p><span style=\"color: #ffffff;\">Die Betreiber dieser Seiten nehmen den Schutz Ihrer pers\u00f6nlichen Daten sehr ernst. Wir behandeln Ihre personenbezogenen Daten vertraulich und entsprechend der gesetzlichen Datenschutzvorschriften sowie dieser Datenschutzerkl\u00e4rung.<\/span><\/p>\n<p><span style=\"color: #ffffff;\">Wenn Sie diese Website benutzen, werden verschiedene personenbezogene Daten erhoben. Personenbezogene Daten sind Daten, mit denen Sie pers\u00f6nlich identifiziert werden k\u00f6nnen. Die vorliegende Datenschutzerkl\u00e4rung erl\u00e4utert, welche Daten wir erheben und wof\u00fcr wir sie nutzen. Sie erl\u00e4utert auch, wie und zu welchem Zweck das geschieht.<\/span><\/p>\n<p><span style=\"color: #ffffff;\">Wir weisen darauf hin, dass die Daten\u00fcbertragung im Internet (z.B. bei der Kommunikation per E-Mail) Sicherheitsl\u00fccken aufweisen kann. Ein l\u00fcckenloser Schutz der Daten vor dem Zugriff durch Dritte ist nicht m\u00f6glich.<\/span><\/p>\n<p><span style=\"color: #ffffff;\"><b>Hinweis zur verantwortlichen Stelle<\/b><\/span><\/p>\n<p><span style=\"color: #ffffff;\">Die verantwortliche Stelle f\u00fcr die Datenverarbeitung auf dieser Website ist:<\/span><\/p>\n<p><span style=\"color: #ffffff;\">J\u00f6rg M\u00fcller<\/span><br \/>\n<span style=\"color: #ffffff;\">Nerostra\u00dfe 32<\/span><br \/>\n<span style=\"color: #ffffff;\">65183 Wiesbaden<\/span><br \/>\nE-Mail: info@diepullies.de<\/p>\n<p><span style=\"color: #ffffff;\">Verantwortliche Stelle ist die nat\u00fcrliche oder juristische Person, die allein oder gemeinsam mit anderen \u00fcber die Zwecke und Mittel der Verarbeitung von personenbezogenen Daten (z.B. Namen, E-Mail-Adressen o. \u00c4.) entscheidet.<\/span><\/p>\n<p><span style=\"color: #ffffff;\"><b>Widerruf Ihrer Einwilligung zur Datenverarbeitung<\/b><\/span><\/p>\n<p><span style=\"color: #ffffff;\">Viele Datenverarbeitungsvorg\u00e4nge sind nur mit Ihrer ausdr\u00fccklichen Einwilligung m\u00f6glich. Sie k\u00f6nnen eine bereits erteilte Einwilligung jederzeit widerrufen. Dazu reicht eine formlose Mitteilung per E-Mail an uns. Die Rechtm\u00e4\u00dfigkeit der bis zum Widerruf erfolgten Datenverarbeitung bleibt vom Widerruf unber\u00fchrt.<\/span><\/p>\n<p><span style=\"color: #ffffff;\"><b>Beschwerderecht bei der zust\u00e4ndigen Aufsichtsbeh\u00f6rde<\/b><\/span><\/p>\n<p><span style=\"color: #ffffff;\">Im Falle datenschutzrechtlicher Verst\u00f6\u00dfe steht dem Betroffenen ein Beschwerderecht bei der zust\u00e4ndigen Aufsichtsbeh\u00f6rde zu. Zust\u00e4ndige Aufsichtsbeh\u00f6rde in datenschutzrechtlichen Fragen ist der Landesdatenschutzbeauftragte des Bundeslandes, in dem unser Unternehmen seinen Sitz hat. Eine Liste der Datenschutzbeauftragten sowie deren Kontaktdaten k\u00f6nnen folgendem Link entnommen werden:&nbsp;<a style=\"color: #ffffff;\" href=\"https:\/\/www.bfdi.bund.de\/DE\/Infothek\/Anschriften_Links\/anschriften_links-node.html\" target=\"_blank\" rel=\"noopener\">https:\/\/www.bfdi.bund.de\/DE\/Infothek\/Anschriften_Links\/anschriften_links-node.html<\/a>.<\/span><\/p>\n<p><span style=\"color: #ffffff;\"><b>Recht auf Daten\u00fcbertragbarkeit<\/b><\/span><\/p>\n<p><span style=\"color: #ffffff;\">Sie haben das Recht, Daten, die wir auf Grundlage Ihrer Einwilligung oder in Erf\u00fcllung eines Vertrags automatisiert verarbeiten, an sich oder an einen Dritten in einem g\u00e4ngigen, maschinenlesbaren Format aush\u00e4ndigen zu lassen. Sofern Sie die direkte \u00dcbertragung der Daten an einen anderen Verantwortlichen verlangen, erfolgt dies nur, soweit es technisch machbar ist.<\/span><\/p>\n<p><span style=\"color: #ffffff;\"><b>Auskunft, Sperrung, L\u00f6schung<\/b><\/span><\/p>\n<p><span style=\"color: #ffffff;\">Sie haben im Rahmen der geltenden gesetzlichen Bestimmungen jederzeit das Recht auf unentgeltliche Auskunft \u00fcber Ihre gespeicherten personenbezogenen Daten, deren Herkunft und Empf\u00e4nger und den Zweck der Datenverarbeitung und ggf. ein Recht auf Berichtigung, Sperrung oder L\u00f6schung dieser Daten. Hierzu sowie zu weiteren Fragen zum Thema personenbezogene Daten k\u00f6nnen Sie sich jederzeit unter der im Impressum angegebenen Adresse an uns wenden.<\/span><\/p>\n<p><span style=\"color: #ffffff;\"><b>Widerspruch gegen Werbe-Mails<\/b><\/span><\/p>\n<p><span style=\"color: #ffffff;\">Der Nutzung von im Rahmen der Impressumspflicht ver\u00f6ffentlichten Kontaktdaten zur \u00dcbersendung von nicht ausdr\u00fccklich angeforderter Werbung und Informationsmaterialien wird hiermit widersprochen. Die Betreiber der Seiten behalten sich ausdr\u00fccklich rechtliche Schritte im Falle der unverlangten Zusendung von Werbeinformationen, etwa durch Spam-E-Mails, vor.<\/span><\/p>\n<p><span style=\"color: #ffffff;\"><b>Datenerfassung auf unserer Website<\/b><\/span><\/p>\n<p><span style=\"color: #ffffff;\"><b>Cookies<\/b><\/span><\/p>\n<p><span style=\"color: #ffffff;\">Die Internetseiten verwenden teilweise so genannte Cookies. Cookies richten auf Ihrem Rechner keinen Schaden an und enthalten keine Viren. Cookies dienen dazu, unser Angebot nutzerfreundlicher, effektiver und sicherer zu machen. Cookies sind kleine Textdateien, die auf Ihrem Rechner abgelegt werden und die Ihr Browser speichert.<\/span><\/p>\n<p><span style=\"color: #ffffff;\">Die meisten der von uns verwendeten Cookies sind so genannte \u201cSession-Cookies\u201d. Sie werden nach Ende Ihres Besuchs automatisch gel\u00f6scht. Andere Cookies bleiben auf Ihrem Endger\u00e4t gespeichert bis Sie diese l\u00f6schen. Diese Cookies erm\u00f6glichen es uns, Ihren Browser beim n\u00e4chsten Besuch wiederzuerkennen.<\/span><\/p>\n<p><span style=\"color: #ffffff;\">Sie k\u00f6nnen Ihren Browser so einstellen, dass Sie \u00fcber das Setzen von Cookies informiert werden und Cookies nur im Einzelfall erlauben, die Annahme von Cookies f\u00fcr bestimmte F\u00e4lle oder generell ausschlie\u00dfen sowie das automatische L\u00f6schen der Cookies beim Schlie\u00dfen des Browser aktivieren. Bei der Deaktivierung von Cookies kann die Funktionalit\u00e4t dieser Website eingeschr\u00e4nkt sein.<\/span><\/p>\n<p><span style=\"color: #ffffff;\">Cookies, die zur Durchf\u00fchrung des elektronischen Kommunikationsvorgangs oder zur Bereitstellung bestimmter, von Ihnen erw\u00fcnschter Funktionen (z.B. Warenkorbfunktion) erforderlich sind, werden auf Grundlage von Art. 6 Abs. 1 lit. f DSGVO gespeichert. Der Websitebetreiber hat ein berechtigtes Interesse an der Speicherung von Cookies zur technisch fehlerfreien und optimierten Bereitstellung seiner Dienste. Soweit andere Cookies (z.B. Cookies zur Analyse Ihres Surfverhaltens) gespeichert werden, werden diese in dieser Datenschutzerkl\u00e4rung gesondert behandelt.<\/span><\/p>\n<p><span style=\"color: #ffffff;\"><b>Server-Log-Dateien<\/b><\/span><\/p>\n<p><span style=\"color: #ffffff;\">Der Provider der Seiten erhebt und speichert automatisch Informationen in so genannten Server-Log-Dateien, die Ihr Browser automatisch an uns \u00fcbermittelt. Dies sind:<\/span><\/p>\n<ul>\n<li><span style=\"color: #ffffff;\">Browsertyp und Browserversion<\/span><\/li>\n<li><span style=\"color: #ffffff;\">verwendetes Betriebssystem<\/span><\/li>\n<li><span style=\"color: #ffffff;\">Referrer URL<\/span><\/li>\n<li><span style=\"color: #ffffff;\">Hostname des zugreifenden Rechners<\/span><\/li>\n<li><span style=\"color: #ffffff;\">Uhrzeit der Serveranfrage<\/span><\/li>\n<li><span style=\"color: #ffffff;\">IP-Adresse<\/span><\/li>\n<\/ul>\n<p><span style=\"color: #ffffff;\">Eine Zusammenf\u00fchrung dieser Daten mit anderen Datenquellen wird nicht vorgenommen.<\/span><\/p>\n<p><span style=\"color: #ffffff;\">Grundlage f\u00fcr die Datenverarbeitung ist Art. 6 Abs. 1 lit. b DSGVO, der die Verarbeitung von Daten zur Erf\u00fcllung eines Vertrags oder vorvertraglicher Ma\u00dfnahmen gestattet.<\/span><\/p>\n<p><span style=\"color: #ffffff;\"><b>Plugins und Tools<\/b><\/span><\/p>\n<p><span style=\"color: #ffffff;\"><b>Google Web Fonts<\/b><\/span><\/p>\n<p><span style=\"color: #ffffff;\">Diese Seite nutzt zur einheitlichen Darstellung von Schriftarten so genannte Web Fonts, die von Google bereitgestellt werden. Beim Aufruf einer Seite l\u00e4dt Ihr Browser die ben\u00f6tigten Web Fonts in ihren Browsercache, um Texte und Schriftarten korrekt anzuzeigen.<\/span><\/p>\n<p><span style=\"color: #ffffff;\">Zu diesem Zweck muss der von Ihnen verwendete Browser Verbindung zu den Servern von Google aufnehmen. Hierdurch erlangt Google Kenntnis dar\u00fcber, dass \u00fcber Ihre IP-Adresse unsere Website aufgerufen wurde. Die Nutzung von Google Web Fonts erfolgt im Interesse einer einheitlichen und ansprechenden Darstellung unserer Online-Angebote. Dies stellt ein berechtigtes Interesse im Sinne von Art. 6 Abs. 1 lit. f DSGVO dar.<\/span><\/p>\n<p><span style=\"color: #ffffff;\">Wenn Ihr Browser Web Fonts nicht unterst\u00fctzt, wird eine Standardschrift von Ihrem Computer genutzt.<\/span><\/p>\n<p><span style=\"color: #ffffff;\">Weitere Informationen zu Google Web Fonts finden Sie unter&nbsp;<a style=\"color: #ffffff;\" href=\"https:\/\/developers.google.com\/fonts\/faq\" target=\"_blank\" rel=\"noopener\">https:\/\/developers.google.com\/fonts\/faq<\/a>&nbsp;und in der Datenschutzerkl\u00e4rung von Google:&nbsp;<a style=\"color: #ffffff;\" href=\"https:\/\/www.google.com\/policies\/privacy\/\" target=\"_blank\" rel=\"noopener\">https:\/\/www.google.com\/policies\/privacy\/<\/a>.<\/span><\/p>\n<p><span style=\"color: #ffffff;\"><b>Google Maps<\/b><\/span><\/p>\n<p><span style=\"color: #ffffff;\">Diese Seite nutzt \u00fcber eine API den Kartendienst Google Maps. Anbieter ist die Google Inc., 1600 Amphitheatre Parkway, Mountain View, CA 94043, USA.<\/span><\/p>\n<p><span style=\"color: #ffffff;\">Zur Nutzung der Funktionen von Google Maps ist es notwendig, Ihre IP Adresse zu speichern. Diese Informationen werden in der Regel an einen Server von Google in den USA \u00fcbertragen und dort gespeichert. Der Anbieter dieser Seite hat keinen Einfluss auf diese Daten\u00fcbertragung.<\/span><\/p>\n<p><span style=\"color: #ffffff;\">Die Nutzung von Google Maps erfolgt im Interesse einer ansprechenden Darstellung unserer Online-Angebote und an einer leichten Auffindbarkeit der von uns auf der Website angegebenen Orte. Dies stellt ein berechtigtes Interesse im Sinne von Art. 6 Abs. 1 lit. f DSGVO dar.<\/span><\/p>\n<p><span style=\"color: #ffffff;\">Mehr Informationen zum Umgang mit Nutzerdaten finden Sie in der Datenschutzerkl\u00e4rung von Google:&nbsp;<a style=\"color: #ffffff;\" href=\"https:\/\/www.google.de\/intl\/de\/policies\/privacy\/\" target=\"_blank\" rel=\"noopener\">https:\/\/www.google.de\/intl\/de\/policies\/privacy\/<\/a>.<\/span><\/p>\n<p><span style=\"color: #ffffff;\"><b>Besucherz\u00e4hler von besucherzaehler-kostenlos.de<\/b><\/span><\/p>\n<p><span style=\"color: #ffffff;\">Diese Webseite verwendet einen externen Z\u00e4hler, um die Anzahl der Webseitenaufrufe zu erfassen. Daf\u00fcr wird ein Java-Script von einer externe Webseite geladen. Der Server von <a href=\"https:\/\/www.besucherzaehler-kostenlos.de\">besucherzaehler-kostenlos.de<\/a> speichert die IP-Adresse des Zugriffs \u00fcblicherweise anonymisiert und zeitlich begrenzt in einer LOG-Datei ab. Diese wird regelm\u00e4\u00dfig unwiderruflich gel\u00f6scht.<\/span><\/p>\n<p><span style=\"color: #ffffff;\">Um die korrekte Funktionsweise des Z\u00e4hlers zu gew\u00e4hrleisten, speichert der Besucherz\u00e4hler zudem einen sogenannten Session-Cookie auf dem Computer des Besuchers ab. Dieser wird \u00fcblicherweise vom Browser gel\u00f6scht, sobald er geschlossen wird. In diesem Cookie werden keine pers\u00f6nlichen Informationen gespeichert. Er enth\u00e4lt lediglich die Information der aufgerufenen Domain, sowie einen boolschen Tag (true\/false), um den Besucher als bereits gez\u00e4hlt zu markieren.<\/span><\/p>\n<p><span style=\"color: #ffffff;\">Es werden auch dar\u00fcberhinaus keine pers\u00f6nlichen oder personenbezogenen Daten vom Besucherz\u00e4hler erhoben. Eine Nachverfolgung oder Zuordnung der Zugriffe ist zu keiner Zeit m\u00f6glich.<\/span><\/p>\n<p><span style=\"color: #ffffff;\">Datenschutzerkl\u00e4rung nach EU DSGVO Stand 24.05 2018<\/span><\/p>\n","protected":false},"excerpt":{"rendered":"<p>Datenschutzerkl\u00e4rung nach EU DSGVO Die Betreiber dieser Seiten nehmen den Schutz Ihrer pers\u00f6nlichen Daten sehr ernst. Wir behandeln Ihre personenbezogenen Daten vertraulich und entsprechend der gesetzlichen Datenschutzvorschriften sowie dieser Datenschutzerkl\u00e4rung. Wenn Sie diese Website benutzen, werden verschiedene personenbezogene Daten erhoben. &hellip; <a class=\"more-link\" href=\"http:\/\/diepullies.de\/wordpress\/datenschutz\/\">Weiterlesen <span class=\"meta-nav\">&rarr;<\/span><\/a><\/p>\n","protected":false},"author":1,"featured_media":0,"parent":0,"menu_order":0,"comment_status":"closed","ping_status":"closed","template":"","meta":{"ngg_post_thumbnail":0},"post_mailing_queue_ids":[],"_links":{"self":[{"href":"http:\/\/diepullies.de\/wordpress\/wp-json\/wp\/v2\/pages\/1344"}],"collection":[{"href":"http:\/\/diepullies.de\/wordpress\/wp-json\/wp\/v2\/pages"}],"about":[{"href":"http:\/\/diepullies.de\/wordpress\/wp-json\/wp\/v2\/types\/page"}],"author":[{"embeddable":true,"href":"http:\/\/diepullies.de\/wordpress\/wp-json\/wp\/v2\/users\/1"}],"replies":[{"embeddable":true,"href":"http:\/\/diepullies.de\/wordpress\/wp-json\/wp\/v2\/comments?post=1344"}],"version-history":[{"count":5,"href":"http:\/\/diepullies.de\/wordpress\/wp-json\/wp\/v2\/pages\/1344\/revisions"}],"predecessor-version":[{"id":1592,"href":"http:\/\/diepullies.de\/wordpress\/wp-json\/wp\/v2\/pages\/1344\/revisions\/1592"}],"wp:attachment":[{"href":"http:\/\/diepullies.de\/wordpress\/wp-json\/wp\/v2\/media?parent=1344"}],"curies":[{"name":"wp","href":"https:\/\/api.w.org\/{rel}","templated":true}]}}